{"id":2043,"date":"2025-11-04T13:44:44","date_gmt":"2025-11-04T13:44:44","guid":{"rendered":"https:\/\/festiwalrumia.pl\/?page_id=2043"},"modified":"2025-11-04T13:46:05","modified_gmt":"2025-11-04T13:46:05","slug":"mkidn","status":"publish","type":"page","link":"https:\/\/festiwalrumia.pl\/index.php\/mkidn\/","title":{"rendered":"MKiDN"},"content":{"rendered":"<p>[et_pb_section fb_built=&#8221;1&#8243; _builder_version=&#8221;4.5.3&#8243; _module_preset=&#8221;default&#8221;][et_pb_row _builder_version=&#8221;4.5.3&#8243; _module_preset=&#8221;default&#8221; column_structure=&#8221;3_5,2_5&#8243; hover_enabled=&#8221;0&#8243; width=&#8221;85%&#8221; max_width=&#8221;80%&#8221;][et_pb_column _builder_version=&#8221;4.5.3&#8243; _module_preset=&#8221;default&#8221; type=&#8221;3_5&#8243;][et_pb_text _builder_version=&#8221;4.5.3&#8243; _module_preset=&#8221;default&#8221; hover_enabled=&#8221;0&#8243;]<\/p>\n<p><span class=\"im\">W dniach 23 \u2013 25.10.2025r odbywa\u00a0 si\u0119\u00a0 37. MI\u0118DZYNARODOWY<br \/>FESTIWAL MUZYKI RELIGIJNEJ<br \/>im. ks. Stanis\u0142awa Ormi\u0144skiego SDB<br \/>Sanktuarium NMP Wspomo\u017cenia Wiernych w Rumi<br \/><\/span><span>37. Festiwal to:<\/span><span class=\"im\"><br \/>3 Konkursy:<br \/>&#8211; Muzyki Organowej,<br \/>&#8211; Zespo\u0142\u00f3w Ch\u00f3ralnych<br \/>&#8211; Na najlepsze wykonanie pie\u015bni religijnej w j\u0119zyku kaszubskim.<br \/>A tak\u017ce 3 Koncerty:<br \/>&#8211; Inauguracyjny &#8222;Tradycja i Nowoczesno\u015b\u0107 w Muzyce&#8221; ,<br \/>&#8211; Fina\u0142owy &#8222;Niebia\u0144<span class=\"il\">ska<\/span><span>\u00a0<\/span>Muzyka na 15 harf&#8221;,<br \/>&#8211; Laureat\u00f3w.&#8221;<\/span><\/p>\n<p>[\/et_pb_text][\/et_pb_column][et_pb_column _builder_version=&#8221;4.5.3&#8243; _module_preset=&#8221;default&#8221; type=&#8221;2_5&#8243;][et_pb_image src=&#8221;https:\/\/festiwalrumia.pl\/wp-content\/uploads\/2025\/11\/Zrzut-ekranu-2025-11-04-144248.png&#8221; _builder_version=&#8221;4.5.3&#8243; _module_preset=&#8221;default&#8221; title_text=&#8221;Zrzut ekranu 2025-11-04 144248&#8243; hover_enabled=&#8221;0&#8243;][\/et_pb_image][\/et_pb_column][\/et_pb_row][\/et_pb_section]<\/p>\n","protected":false},"excerpt":{"rendered":"<p>W dniach 23 \u2013 25.10.2025r odbywa\u00a0 si\u0119\u00a0 37. MI\u0118DZYNARODOWYFESTIWAL MUZYKI RELIGIJNEJim. ks. Stanis\u0142awa Ormi\u0144skiego SDBSanktuarium NMP Wspomo\u017cenia Wiernych w Rumi37. Festiwal to:3 Konkursy:- Muzyki Organowej,- Zespo\u0142\u00f3w Ch\u00f3ralnych- Na najlepsze wykonanie pie\u015bni religijnej w j\u0119zyku kaszubskim.A tak\u017ce 3 Koncerty:- Inauguracyjny &#8222;Tradycja i Nowoczesno\u015b\u0107 w Muzyce&#8221; ,- Fina\u0142owy &#8222;Niebia\u0144ska\u00a0Muzyka na 15 harf&#8221;,- Laureat\u00f3w.&#8221;<\/p>\n","protected":false},"author":1,"featured_media":0,"parent":0,"menu_order":0,"comment_status":"closed","ping_status":"closed","template":"","meta":{"_et_pb_use_builder":"on","_et_pb_old_content":"","_et_gb_content_width":"","footnotes":""},"class_list":["post-2043","page","type-page","status-publish","hentry"],"_links":{"self":[{"href":"https:\/\/festiwalrumia.pl\/index.php\/wp-json\/wp\/v2\/pages\/2043","targetHints":{"allow":["GET"]}}],"collection":[{"href":"https:\/\/festiwalrumia.pl\/index.php\/wp-json\/wp\/v2\/pages"}],"about":[{"href":"https:\/\/festiwalrumia.pl\/index.php\/wp-json\/wp\/v2\/types\/page"}],"author":[{"embeddable":true,"href":"https:\/\/festiwalrumia.pl\/index.php\/wp-json\/wp\/v2\/users\/1"}],"replies":[{"embeddable":true,"href":"https:\/\/festiwalrumia.pl\/index.php\/wp-json\/wp\/v2\/comments?post=2043"}],"version-history":[{"count":4,"href":"https:\/\/festiwalrumia.pl\/index.php\/wp-json\/wp\/v2\/pages\/2043\/revisions"}],"predecessor-version":[{"id":2049,"href":"https:\/\/festiwalrumia.pl\/index.php\/wp-json\/wp\/v2\/pages\/2043\/revisions\/2049"}],"wp:attachment":[{"href":"https:\/\/festiwalrumia.pl\/index.php\/wp-json\/wp\/v2\/media?parent=2043"}],"curies":[{"name":"wp","href":"https:\/\/api.w.org\/{rel}","templated":true}]}}